{"id":1034,"date":"2020-05-28T12:35:09","date_gmt":"2020-05-28T11:35:09","guid":{"rendered":"http:\/\/www.lesamphis.org\/blog\/?page_id=1034"},"modified":"2020-05-28T12:55:24","modified_gmt":"2020-05-28T11:55:24","slug":"saison-2019-2020","status":"publish","type":"page","link":"http:\/\/www.lesamphis.org\/blog\/saison-2019-2020\/","title":{"rendered":"Saison 2019 &#8211; 2020"},"content":{"rendered":"\n<p class=\"has-background has-very-light-gray-background-color\"><strong>Liste des conf\u00e9rences de la saison 2019 -2020.<\/strong><\/p>\n\n\n\n<div class=\"wp-block-media-text alignwide is-stacked-on-mobile\"><figure class=\"wp-block-media-text__media\"><a href=\"http:\/\/www.lesamphis.org\/blog\/les-amphis-vdr-mercredi-30-octobre-2019\/\"><img loading=\"lazy\" decoding=\"async\" width=\"724\" height=\"1024\" src=\"http:\/\/www.lesamphis.org\/blog\/wp-content\/uploads\/2019\/10\/Amphis_Affiche_octobre_2019_Valide-724x1024.jpg\" alt=\"\" class=\"wp-image-610\" srcset=\"http:\/\/www.lesamphis.org\/blog\/wp-content\/uploads\/2019\/10\/Amphis_Affiche_octobre_2019_Valide-724x1024.jpg 724w, http:\/\/www.lesamphis.org\/blog\/wp-content\/uploads\/2019\/10\/Amphis_Affiche_octobre_2019_Valide-212x300.jpg 212w, http:\/\/www.lesamphis.org\/blog\/wp-content\/uploads\/2019\/10\/Amphis_Affiche_octobre_2019_Valide-768x1086.jpg 768w\" sizes=\"(max-width: 724px) 100vw, 724px\" \/><\/a><\/figure><div class=\"wp-block-media-text__content\">\n<figure class=\"wp-block-embed-wordpress wp-block-embed is-type-wp-embed is-provider-les-amphis\"><div class=\"wp-block-embed__wrapper\">\n<blockquote class=\"wp-embedded-content\" data-secret=\"Yp8U9Z2sCS\"><a href=\"http:\/\/www.lesamphis.org\/blog\/les-amphis-vdr-mercredi-30-octobre-2019\/\">C&#8217;\u00e9tait le mercredi 30 octobre<\/a><\/blockquote><iframe title=\"\u00ab\u00a0C&#8217;\u00e9tait le mercredi 30 octobre\u00a0\u00bb &#8212; Les Amphis\" class=\"wp-embedded-content\" sandbox=\"allow-scripts\" security=\"restricted\" style=\"position: absolute; clip: rect(1px, 1px, 1px, 1px);\" src=\"http:\/\/www.lesamphis.org\/blog\/les-amphis-vdr-mercredi-30-octobre-2019\/embed\/#?secret=Yp8U9Z2sCS\" data-secret=\"Yp8U9Z2sCS\" width=\"600\" height=\"338\" frameborder=\"0\" marginwidth=\"0\" marginheight=\"0\" scrolling=\"no\"><\/iframe>\n<\/div><\/figure>\n<\/div><\/div>\n\n\n\n<div class=\"wp-block-media-text alignwide is-stacked-on-mobile\"><figure class=\"wp-block-media-text__media\"><a href=\"http:\/\/www.lesamphis.org\/blog\/mercredi-27-novembre-jean-claude-pascal\/\"><img loading=\"lazy\" decoding=\"async\" width=\"724\" height=\"1024\" src=\"http:\/\/www.lesamphis.org\/blog\/wp-content\/uploads\/2019\/11\/Affiche_novembre_2019-Jean-Claude_Pascal-724x1024.jpg\" alt=\"\" class=\"wp-image-628\" srcset=\"http:\/\/www.lesamphis.org\/blog\/wp-content\/uploads\/2019\/11\/Affiche_novembre_2019-Jean-Claude_Pascal-724x1024.jpg 724w, http:\/\/www.lesamphis.org\/blog\/wp-content\/uploads\/2019\/11\/Affiche_novembre_2019-Jean-Claude_Pascal-212x300.jpg 212w, http:\/\/www.lesamphis.org\/blog\/wp-content\/uploads\/2019\/11\/Affiche_novembre_2019-Jean-Claude_Pascal-768x1086.jpg 768w\" sizes=\"(max-width: 724px) 100vw, 724px\" \/><\/a><\/figure><div class=\"wp-block-media-text__content\">\n<figure class=\"wp-block-embed-wordpress wp-block-embed is-type-wp-embed is-provider-les-amphis\"><div class=\"wp-block-embed__wrapper\">\n<blockquote class=\"wp-embedded-content\" data-secret=\"m5eA4zUsks\"><a href=\"http:\/\/www.lesamphis.org\/blog\/mercredi-27-novembre-jean-claude-pascal\/\">C&#8217;\u00e9tait le Mercredi 27 novembre &#8211; Jean Claude Pascal &#8211; l&#8217;int\u00e9grale en vid\u00e9o &#038; interviews<\/a><\/blockquote><iframe title=\"\u00ab\u00a0C&#8217;\u00e9tait le Mercredi 27 novembre &#8211; Jean Claude Pascal &#8211; l&#8217;int\u00e9grale en vid\u00e9o &#038; interviews\u00a0\u00bb &#8212; Les Amphis\" class=\"wp-embedded-content\" sandbox=\"allow-scripts\" security=\"restricted\" style=\"position: absolute; clip: rect(1px, 1px, 1px, 1px);\" src=\"http:\/\/www.lesamphis.org\/blog\/mercredi-27-novembre-jean-claude-pascal\/embed\/#?secret=m5eA4zUsks\" data-secret=\"m5eA4zUsks\" width=\"600\" height=\"338\" frameborder=\"0\" marginwidth=\"0\" marginheight=\"0\" scrolling=\"no\"><\/iframe>\n<\/div><\/figure>\n<\/div><\/div>\n\n\n\n<p><strong>Rencontre Inter-Ob\u00e9diences<\/strong> &#8211; <a href=\"http:\/\/www.lesamphis.org\/blog\/le-mercredi-22-janvier-2020\/\">Article de pr\u00e9sentation<\/a><\/p>\n\n\n\n<div class=\"wp-block-media-text alignwide is-stacked-on-mobile\"><figure class=\"wp-block-media-text__media\"><a href=\"http:\/\/www.lesamphis.org\/blog\/cetait-le-mercredi-22-janvier-2020\/\"><img loading=\"lazy\" decoding=\"async\" width=\"724\" height=\"1024\" src=\"http:\/\/www.lesamphis.org\/blog\/wp-content\/uploads\/2020\/01\/Affiche_Montage_Janvier-2020-3--724x1024.jpg\" alt=\"\" class=\"wp-image-714\" srcset=\"http:\/\/www.lesamphis.org\/blog\/wp-content\/uploads\/2020\/01\/Affiche_Montage_Janvier-2020-3--724x1024.jpg 724w, http:\/\/www.lesamphis.org\/blog\/wp-content\/uploads\/2020\/01\/Affiche_Montage_Janvier-2020-3--212x300.jpg 212w, http:\/\/www.lesamphis.org\/blog\/wp-content\/uploads\/2020\/01\/Affiche_Montage_Janvier-2020-3--768x1086.jpg 768w, http:\/\/www.lesamphis.org\/blog\/wp-content\/uploads\/2020\/01\/Affiche_Montage_Janvier-2020-3--1086x1536.jpg 1086w, http:\/\/www.lesamphis.org\/blog\/wp-content\/uploads\/2020\/01\/Affiche_Montage_Janvier-2020-3--1448x2048.jpg 1448w, http:\/\/www.lesamphis.org\/blog\/wp-content\/uploads\/2020\/01\/Affiche_Montage_Janvier-2020-3--scaled.jpg 1810w\" sizes=\"(max-width: 724px) 100vw, 724px\" \/><\/a><\/figure><div class=\"wp-block-media-text__content\">\n<figure class=\"wp-block-embed-wordpress wp-block-embed is-type-wp-embed is-provider-les-amphis\"><div class=\"wp-block-embed__wrapper\">\n<blockquote class=\"wp-embedded-content\" data-secret=\"UdUcZeVbtn\"><a href=\"http:\/\/www.lesamphis.org\/blog\/cetait-le-mercredi-22-janvier-2020\/\">C&#8217;\u00e9tait le mercredi 22 Janvier 2020<\/a><\/blockquote><iframe title=\"\u00ab\u00a0C&#8217;\u00e9tait le mercredi 22 Janvier 2020\u00a0\u00bb &#8212; Les Amphis\" class=\"wp-embedded-content\" sandbox=\"allow-scripts\" security=\"restricted\" style=\"position: absolute; clip: rect(1px, 1px, 1px, 1px);\" src=\"http:\/\/www.lesamphis.org\/blog\/cetait-le-mercredi-22-janvier-2020\/embed\/#?secret=UdUcZeVbtn\" data-secret=\"UdUcZeVbtn\" width=\"600\" height=\"338\" frameborder=\"0\" marginwidth=\"0\" marginheight=\"0\" scrolling=\"no\"><\/iframe>\n<\/div><\/figure>\n<\/div><\/div>\n\n\n\n<div class=\"wp-block-media-text alignwide is-stacked-on-mobile\"><figure class=\"wp-block-media-text__media\"><a href=\"http:\/\/www.lesamphis.org\/blog\/patrick-burensteinas\/\"><img loading=\"lazy\" decoding=\"async\" width=\"1024\" height=\"576\" src=\"http:\/\/www.lesamphis.org\/blog\/wp-content\/uploads\/2020\/03\/Patrick_Burensteinas-Entretien-04--1024x576.png\" alt=\"\" class=\"wp-image-885\" srcset=\"http:\/\/www.lesamphis.org\/blog\/wp-content\/uploads\/2020\/03\/Patrick_Burensteinas-Entretien-04--1024x576.png 1024w, http:\/\/www.lesamphis.org\/blog\/wp-content\/uploads\/2020\/03\/Patrick_Burensteinas-Entretien-04--300x169.png 300w, http:\/\/www.lesamphis.org\/blog\/wp-content\/uploads\/2020\/03\/Patrick_Burensteinas-Entretien-04--768x432.png 768w, http:\/\/www.lesamphis.org\/blog\/wp-content\/uploads\/2020\/03\/Patrick_Burensteinas-Entretien-04--1536x864.png 1536w, http:\/\/www.lesamphis.org\/blog\/wp-content\/uploads\/2020\/03\/Patrick_Burensteinas-Entretien-04-.png 1920w\" sizes=\"(max-width: 1024px) 100vw, 1024px\" \/><\/a><\/figure><div class=\"wp-block-media-text__content\">\n<figure class=\"wp-block-embed-wordpress wp-block-embed is-type-wp-embed is-provider-les-amphis\"><div class=\"wp-block-embed__wrapper\">\n<blockquote class=\"wp-embedded-content\" data-secret=\"UiwByFXhme\"><a href=\"http:\/\/www.lesamphis.org\/blog\/patrick-burensteinas\/\">Patrick Burensteinas. L&#8217;Alchimie, la Langue des oiseaux : un nouveau monde!<\/a><\/blockquote><iframe title=\"\u00ab\u00a0Patrick Burensteinas. L&#8217;Alchimie, la Langue des oiseaux : un nouveau monde!\u00a0\u00bb &#8212; Les Amphis\" class=\"wp-embedded-content\" sandbox=\"allow-scripts\" security=\"restricted\" style=\"position: absolute; clip: rect(1px, 1px, 1px, 1px);\" src=\"http:\/\/www.lesamphis.org\/blog\/patrick-burensteinas\/embed\/#?secret=UiwByFXhme\" data-secret=\"UiwByFXhme\" width=\"600\" height=\"338\" frameborder=\"0\" marginwidth=\"0\" marginheight=\"0\" scrolling=\"no\"><\/iframe>\n<\/div><\/figure>\n<\/div><\/div>\n\n\n\n<div class=\"wp-block-image\"><figure class=\"aligncenter size-large is-resized\"><img loading=\"lazy\" decoding=\"async\" src=\"http:\/\/www.lesamphis.org\/blog\/wp-content\/uploads\/2020\/05\/ELISABETH-GENTY.jpg\" alt=\"\" class=\"wp-image-935\" width=\"220\" height=\"443\" srcset=\"http:\/\/www.lesamphis.org\/blog\/wp-content\/uploads\/2020\/05\/ELISABETH-GENTY.jpg 211w, http:\/\/www.lesamphis.org\/blog\/wp-content\/uploads\/2020\/05\/ELISABETH-GENTY-149x300.jpg 149w\" sizes=\"(max-width: 220px) 100vw, 220px\" \/><\/figure><\/div>\n\n\n\n<figure class=\"wp-block-embed-wordpress wp-block-embed is-type-wp-embed is-provider-les-amphis\"><div class=\"wp-block-embed__wrapper\">\n<blockquote class=\"wp-embedded-content\" data-secret=\"l9BzbtZyh8\"><a href=\"http:\/\/www.lesamphis.org\/blog\/adieu-elisabeth\/\">Adieu Elisabeth!<\/a><\/blockquote><iframe title=\"\u00ab\u00a0Adieu Elisabeth!\u00a0\u00bb &#8212; Les Amphis\" class=\"wp-embedded-content\" sandbox=\"allow-scripts\" security=\"restricted\" style=\"position: absolute; clip: rect(1px, 1px, 1px, 1px);\" src=\"http:\/\/www.lesamphis.org\/blog\/adieu-elisabeth\/embed\/#?secret=l9BzbtZyh8\" data-secret=\"l9BzbtZyh8\" width=\"600\" height=\"338\" frameborder=\"0\" marginwidth=\"0\" marginheight=\"0\" scrolling=\"no\"><\/iframe>\n<\/div><\/figure>\n\n\n\n<figure class=\"wp-block-gallery columns-2 is-cropped wp-block-gallery-1 is-layout-flex wp-block-gallery-is-layout-flex\"><ul class=\"blocks-gallery-grid\"><li class=\"blocks-gallery-item\"><figure><img loading=\"lazy\" decoding=\"async\" width=\"57\" height=\"74\" src=\"http:\/\/www.lesamphis.org\/blog\/wp-content\/uploads\/2020\/05\/EG.png\" alt=\"\" data-id=\"936\" data-full-url=\"http:\/\/www.lesamphis.org\/blog\/wp-content\/uploads\/2020\/05\/EG.png\" data-link=\"http:\/\/www.lesamphis.org\/blog\/adieu-elisabeth\/eg\/\" class=\"wp-image-936\"\/><\/figure><\/li><li class=\"blocks-gallery-item\"><figure><img loading=\"lazy\" decoding=\"async\" width=\"211\" height=\"424\" src=\"http:\/\/www.lesamphis.org\/blog\/wp-content\/uploads\/2020\/05\/ELISABETH-GENTY.jpg\" alt=\"\" data-id=\"935\" data-full-url=\"http:\/\/www.lesamphis.org\/blog\/wp-content\/uploads\/2020\/05\/ELISABETH-GENTY.jpg\" data-link=\"http:\/\/www.lesamphis.org\/blog\/adieu-elisabeth\/elisabeth-genty\/\" class=\"wp-image-935\" srcset=\"http:\/\/www.lesamphis.org\/blog\/wp-content\/uploads\/2020\/05\/ELISABETH-GENTY.jpg 211w, http:\/\/www.lesamphis.org\/blog\/wp-content\/uploads\/2020\/05\/ELISABETH-GENTY-149x300.jpg 149w\" sizes=\"(max-width: 211px) 100vw, 211px\" \/><\/figure><\/li><\/ul><\/figure>\n\n\n\n<figure class=\"wp-block-gallery columns-3 is-cropped wp-block-gallery-2 is-layout-flex wp-block-gallery-is-layout-flex\"><ul class=\"blocks-gallery-grid\"><li class=\"blocks-gallery-item\"><figure><img loading=\"lazy\" decoding=\"async\" width=\"724\" height=\"1024\" src=\"http:\/\/www.lesamphis.org\/blog\/wp-content\/uploads\/2020\/03\/Affiche_Mars-2020-Patrick-Burensteinas_annule\u03012-724x1024.jpg\" alt=\"\" data-id=\"837\" data-full-url=\"http:\/\/www.lesamphis.org\/blog\/wp-content\/uploads\/2020\/03\/Affiche_Mars-2020-Patrick-Burensteinas_annule\u03012-scaled.jpg\" data-link=\"http:\/\/www.lesamphis.org\/blog\/mercredi-25-mars-patrick-burensteinas\/affiche_mars-2020-patrick-burensteinas_annule2\/\" class=\"wp-image-837\" srcset=\"http:\/\/www.lesamphis.org\/blog\/wp-content\/uploads\/2020\/03\/Affiche_Mars-2020-Patrick-Burensteinas_annule\u03012-724x1024.jpg 724w, http:\/\/www.lesamphis.org\/blog\/wp-content\/uploads\/2020\/03\/Affiche_Mars-2020-Patrick-Burensteinas_annule\u03012-212x300.jpg 212w, http:\/\/www.lesamphis.org\/blog\/wp-content\/uploads\/2020\/03\/Affiche_Mars-2020-Patrick-Burensteinas_annule\u03012-768x1086.jpg 768w, http:\/\/www.lesamphis.org\/blog\/wp-content\/uploads\/2020\/03\/Affiche_Mars-2020-Patrick-Burensteinas_annule\u03012-1086x1536.jpg 1086w, http:\/\/www.lesamphis.org\/blog\/wp-content\/uploads\/2020\/03\/Affiche_Mars-2020-Patrick-Burensteinas_annule\u03012-1448x2048.jpg 1448w, http:\/\/www.lesamphis.org\/blog\/wp-content\/uploads\/2020\/03\/Affiche_Mars-2020-Patrick-Burensteinas_annule\u03012-scaled.jpg 1810w\" sizes=\"(max-width: 724px) 100vw, 724px\" \/><\/figure><\/li><li class=\"blocks-gallery-item\"><figure><img loading=\"lazy\" decoding=\"async\" width=\"587\" height=\"1024\" src=\"http:\/\/www.lesamphis.org\/blog\/wp-content\/uploads\/2019\/11\/JC-Pascal-Les_Amphis-3-587x1024.jpg\" alt=\"\" data-id=\"622\" data-full-url=\"http:\/\/www.lesamphis.org\/blog\/wp-content\/uploads\/2019\/11\/JC-Pascal-Les_Amphis-3.jpg\" data-link=\"http:\/\/www.lesamphis.org\/blog\/jean-claude-pascal-article-presentation\/jc-pascal-les_amphis-3\/\" class=\"wp-image-622\" srcset=\"http:\/\/www.lesamphis.org\/blog\/wp-content\/uploads\/2019\/11\/JC-Pascal-Les_Amphis-3-587x1024.jpg 587w, http:\/\/www.lesamphis.org\/blog\/wp-content\/uploads\/2019\/11\/JC-Pascal-Les_Amphis-3-172x300.jpg 172w, http:\/\/www.lesamphis.org\/blog\/wp-content\/uploads\/2019\/11\/JC-Pascal-Les_Amphis-3-768x1339.jpg 768w, http:\/\/www.lesamphis.org\/blog\/wp-content\/uploads\/2019\/11\/JC-Pascal-Les_Amphis-3.jpg 2000w\" sizes=\"(max-width: 587px) 100vw, 587px\" \/><\/figure><\/li><li class=\"blocks-gallery-item\"><figure><img loading=\"lazy\" decoding=\"async\" width=\"960\" height=\"540\" src=\"http:\/\/www.lesamphis.org\/blog\/wp-content\/uploads\/2020\/01\/vlcsnap-2020-01-23-19h24m49s418-1.jpg\" alt=\"\" data-id=\"766\" data-full-url=\"http:\/\/www.lesamphis.org\/blog\/wp-content\/uploads\/2020\/01\/vlcsnap-2020-01-23-19h24m49s418-1.jpg\" data-link=\"http:\/\/www.lesamphis.org\/blog\/cetait-le-mercredi-22-janvier-2020\/vlcsnap-2020-01-23-19h24m49s418-1\/\" class=\"wp-image-766\" srcset=\"http:\/\/www.lesamphis.org\/blog\/wp-content\/uploads\/2020\/01\/vlcsnap-2020-01-23-19h24m49s418-1.jpg 960w, http:\/\/www.lesamphis.org\/blog\/wp-content\/uploads\/2020\/01\/vlcsnap-2020-01-23-19h24m49s418-1-300x169.jpg 300w, http:\/\/www.lesamphis.org\/blog\/wp-content\/uploads\/2020\/01\/vlcsnap-2020-01-23-19h24m49s418-1-768x432.jpg 768w\" sizes=\"(max-width: 960px) 100vw, 960px\" \/><\/figure><\/li><li class=\"blocks-gallery-item\"><figure><img loading=\"lazy\" decoding=\"async\" width=\"960\" height=\"540\" src=\"http:\/\/www.lesamphis.org\/blog\/wp-content\/uploads\/2020\/01\/vlcsnap-2020-01-23-20h34m10s012.jpg\" alt=\"\" data-id=\"767\" data-full-url=\"http:\/\/www.lesamphis.org\/blog\/wp-content\/uploads\/2020\/01\/vlcsnap-2020-01-23-20h34m10s012.jpg\" data-link=\"http:\/\/www.lesamphis.org\/blog\/cetait-le-mercredi-22-janvier-2020\/vlcsnap-2020-01-23-20h34m10s012\/\" class=\"wp-image-767\" srcset=\"http:\/\/www.lesamphis.org\/blog\/wp-content\/uploads\/2020\/01\/vlcsnap-2020-01-23-20h34m10s012.jpg 960w, http:\/\/www.lesamphis.org\/blog\/wp-content\/uploads\/2020\/01\/vlcsnap-2020-01-23-20h34m10s012-300x169.jpg 300w, http:\/\/www.lesamphis.org\/blog\/wp-content\/uploads\/2020\/01\/vlcsnap-2020-01-23-20h34m10s012-768x432.jpg 768w\" sizes=\"(max-width: 960px) 100vw, 960px\" \/><\/figure><\/li><li class=\"blocks-gallery-item\"><figure><img loading=\"lazy\" decoding=\"async\" width=\"960\" height=\"540\" src=\"http:\/\/www.lesamphis.org\/blog\/wp-content\/uploads\/2020\/01\/Entrevue-Marie_therese_Besson_GLFF.00_02_01_42.Still007.jpg\" alt=\"\" data-id=\"772\" data-full-url=\"http:\/\/www.lesamphis.org\/blog\/wp-content\/uploads\/2020\/01\/Entrevue-Marie_therese_Besson_GLFF.00_02_01_42.Still007.jpg\" data-link=\"http:\/\/www.lesamphis.org\/blog\/cetait-le-mercredi-22-janvier-2020\/entrevue-marie_therese_besson_glff-00_02_01_42-still007\/\" class=\"wp-image-772\" srcset=\"http:\/\/www.lesamphis.org\/blog\/wp-content\/uploads\/2020\/01\/Entrevue-Marie_therese_Besson_GLFF.00_02_01_42.Still007.jpg 960w, http:\/\/www.lesamphis.org\/blog\/wp-content\/uploads\/2020\/01\/Entrevue-Marie_therese_Besson_GLFF.00_02_01_42.Still007-300x169.jpg 300w, http:\/\/www.lesamphis.org\/blog\/wp-content\/uploads\/2020\/01\/Entrevue-Marie_therese_Besson_GLFF.00_02_01_42.Still007-768x432.jpg 768w\" sizes=\"(max-width: 960px) 100vw, 960px\" \/><\/figure><\/li><li class=\"blocks-gallery-item\"><figure><img loading=\"lazy\" decoding=\"async\" width=\"960\" height=\"540\" src=\"http:\/\/www.lesamphis.org\/blog\/wp-content\/uploads\/2020\/01\/Entrevue-Jean-Franc\u0327ois-Demulier-GLDF.00_02_00_24.Still006.jpg\" alt=\"\" data-id=\"777\" data-full-url=\"http:\/\/www.lesamphis.org\/blog\/wp-content\/uploads\/2020\/01\/Entrevue-Jean-Franc\u0327ois-Demulier-GLDF.00_02_00_24.Still006.jpg\" data-link=\"http:\/\/www.lesamphis.org\/blog\/cetait-le-mercredi-22-janvier-2020\/entrevue-jean-franc%cc%a7ois-demulier-gldf-00_02_00_24-still006\/\" class=\"wp-image-777\" srcset=\"http:\/\/www.lesamphis.org\/blog\/wp-content\/uploads\/2020\/01\/Entrevue-Jean-Franc\u0327ois-Demulier-GLDF.00_02_00_24.Still006.jpg 960w, http:\/\/www.lesamphis.org\/blog\/wp-content\/uploads\/2020\/01\/Entrevue-Jean-Franc\u0327ois-Demulier-GLDF.00_02_00_24.Still006-300x169.jpg 300w, http:\/\/www.lesamphis.org\/blog\/wp-content\/uploads\/2020\/01\/Entrevue-Jean-Franc\u0327ois-Demulier-GLDF.00_02_00_24.Still006-768x432.jpg 768w\" sizes=\"(max-width: 960px) 100vw, 960px\" \/><\/figure><\/li><li class=\"blocks-gallery-item\"><figure><img loading=\"lazy\" decoding=\"async\" width=\"960\" height=\"540\" src=\"http:\/\/www.lesamphis.org\/blog\/wp-content\/uploads\/2020\/01\/Entrevue-Bernard-Grange-Grand-Mai\u0302tre-Adjoint-GLTSO.00_01_52_09.Still008.jpg\" alt=\"\" data-id=\"780\" data-full-url=\"http:\/\/www.lesamphis.org\/blog\/wp-content\/uploads\/2020\/01\/Entrevue-Bernard-Grange-Grand-Mai\u0302tre-Adjoint-GLTSO.00_01_52_09.Still008.jpg\" data-link=\"http:\/\/www.lesamphis.org\/blog\/cetait-le-mercredi-22-janvier-2020\/entrevue-bernard-grange-grand-mai%cc%82tre-adjoint-gltso-00_01_52_09-still008\/\" class=\"wp-image-780\" srcset=\"http:\/\/www.lesamphis.org\/blog\/wp-content\/uploads\/2020\/01\/Entrevue-Bernard-Grange-Grand-Mai\u0302tre-Adjoint-GLTSO.00_01_52_09.Still008.jpg 960w, http:\/\/www.lesamphis.org\/blog\/wp-content\/uploads\/2020\/01\/Entrevue-Bernard-Grange-Grand-Mai\u0302tre-Adjoint-GLTSO.00_01_52_09.Still008-300x169.jpg 300w, http:\/\/www.lesamphis.org\/blog\/wp-content\/uploads\/2020\/01\/Entrevue-Bernard-Grange-Grand-Mai\u0302tre-Adjoint-GLTSO.00_01_52_09.Still008-768x432.jpg 768w\" sizes=\"(max-width: 960px) 100vw, 960px\" \/><\/figure><\/li><li class=\"blocks-gallery-item\"><figure><img loading=\"lazy\" decoding=\"async\" width=\"960\" height=\"540\" src=\"http:\/\/www.lesamphis.org\/blog\/wp-content\/uploads\/2020\/01\/Alain-Michon-Ancien-Grand-Mai\u0302tre-National-FFDH.00_01_28_26.Still008.jpg\" alt=\"\" data-id=\"783\" data-full-url=\"http:\/\/www.lesamphis.org\/blog\/wp-content\/uploads\/2020\/01\/Alain-Michon-Ancien-Grand-Mai\u0302tre-National-FFDH.00_01_28_26.Still008.jpg\" data-link=\"http:\/\/www.lesamphis.org\/blog\/cetait-le-mercredi-22-janvier-2020\/alain-michon-ancien-grand-mai%cc%82tre-national-ffdh-00_01_28_26-still008\/\" class=\"wp-image-783\" srcset=\"http:\/\/www.lesamphis.org\/blog\/wp-content\/uploads\/2020\/01\/Alain-Michon-Ancien-Grand-Mai\u0302tre-National-FFDH.00_01_28_26.Still008.jpg 960w, http:\/\/www.lesamphis.org\/blog\/wp-content\/uploads\/2020\/01\/Alain-Michon-Ancien-Grand-Mai\u0302tre-National-FFDH.00_01_28_26.Still008-300x169.jpg 300w, http:\/\/www.lesamphis.org\/blog\/wp-content\/uploads\/2020\/01\/Alain-Michon-Ancien-Grand-Mai\u0302tre-National-FFDH.00_01_28_26.Still008-768x432.jpg 768w\" sizes=\"(max-width: 960px) 100vw, 960px\" \/><\/figure><\/li><li class=\"blocks-gallery-item\"><figure><img loading=\"lazy\" decoding=\"async\" width=\"1024\" height=\"576\" src=\"http:\/\/www.lesamphis.org\/blog\/wp-content\/uploads\/2019\/09\/Nathanael-Azoulay-30-octobre-2019-1024x576.jpg\" alt=\"\" data-id=\"591\" data-full-url=\"http:\/\/www.lesamphis.org\/blog\/wp-content\/uploads\/2019\/09\/Nathanael-Azoulay-30-octobre-2019.jpg\" data-link=\"http:\/\/www.lesamphis.org\/blog\/nathanael-azoulay-30-octobre-2019\/\" class=\"wp-image-591\" srcset=\"http:\/\/www.lesamphis.org\/blog\/wp-content\/uploads\/2019\/09\/Nathanael-Azoulay-30-octobre-2019-1024x576.jpg 1024w, http:\/\/www.lesamphis.org\/blog\/wp-content\/uploads\/2019\/09\/Nathanael-Azoulay-30-octobre-2019-300x169.jpg 300w, http:\/\/www.lesamphis.org\/blog\/wp-content\/uploads\/2019\/09\/Nathanael-Azoulay-30-octobre-2019-768x432.jpg 768w, http:\/\/www.lesamphis.org\/blog\/wp-content\/uploads\/2019\/09\/Nathanael-Azoulay-30-octobre-2019.jpg 1920w\" sizes=\"(max-width: 1024px) 100vw, 1024px\" \/><\/figure><\/li><\/ul><\/figure>\n","protected":false},"excerpt":{"rendered":"<p>Liste des conf\u00e9rences de la saison 2019 -2020. Rencontre Inter-Ob\u00e9diences &#8211; Article de pr\u00e9sentation<\/p>\n","protected":false},"author":4,"featured_media":0,"parent":0,"menu_order":0,"comment_status":"closed","ping_status":"closed","template":"","meta":{"_bbp_topic_count":0,"_bbp_reply_count":0,"_bbp_total_topic_count":0,"_bbp_total_reply_count":0,"_bbp_voice_count":0,"_bbp_anonymous_reply_count":0,"_bbp_topic_count_hidden":0,"_bbp_reply_count_hidden":0,"_bbp_forum_subforum_count":0,"footnotes":""},"_links":{"self":[{"href":"http:\/\/www.lesamphis.org\/blog\/wp-json\/wp\/v2\/pages\/1034"}],"collection":[{"href":"http:\/\/www.lesamphis.org\/blog\/wp-json\/wp\/v2\/pages"}],"about":[{"href":"http:\/\/www.lesamphis.org\/blog\/wp-json\/wp\/v2\/types\/page"}],"author":[{"embeddable":true,"href":"http:\/\/www.lesamphis.org\/blog\/wp-json\/wp\/v2\/users\/4"}],"replies":[{"embeddable":true,"href":"http:\/\/www.lesamphis.org\/blog\/wp-json\/wp\/v2\/comments?post=1034"}],"version-history":[{"count":13,"href":"http:\/\/www.lesamphis.org\/blog\/wp-json\/wp\/v2\/pages\/1034\/revisions"}],"predecessor-version":[{"id":1051,"href":"http:\/\/www.lesamphis.org\/blog\/wp-json\/wp\/v2\/pages\/1034\/revisions\/1051"}],"wp:attachment":[{"href":"http:\/\/www.lesamphis.org\/blog\/wp-json\/wp\/v2\/media?parent=1034"}],"curies":[{"name":"wp","href":"https:\/\/api.w.org\/{rel}","templated":true}]}}