{"id":1052,"date":"2020-05-28T12:59:03","date_gmt":"2020-05-28T11:59:03","guid":{"rendered":"http:\/\/www.lesamphis.org\/blog\/?page_id=1052"},"modified":"2021-06-20T21:50:42","modified_gmt":"2021-06-20T20:50:42","slug":"saison-2020-2021","status":"publish","type":"page","link":"http:\/\/www.lesamphis.org\/blog\/saison-2020-2021\/","title":{"rendered":"2020 &#8211; 2021 &#8211; Une Nouvelle Saison"},"content":{"rendered":"<p style=\"text-align: center;\"><strong>INFORMATIONS :<\/strong><\/p>\n<p style=\"text-align: center;\">En raison de la situation sanitaire, nous ne pourrons pas recevoir de public cette saison.<\/p>\n<p style=\"text-align: center;\">N\u00e9anmoins, nous vous proposerons la saison en vid\u00e9o.<\/p>\n<p style=\"text-align: center;\">Si vous ne venez pas aux Amphis,&nbsp; les Amphis viendront \u00e0 vous!<\/p>\n<p style=\"text-align: center;\">Retrouvez nous en VOD<\/p>\n\n\n\n\n<figure><video src=\"http:\/\/www.lesamphis.org\/blog\/wp-content\/uploads\/2020\/05\/slide-10-grand-2_2.mp4\" autoplay=\"autoplay\" loop=\"loop\" muted=\"\" width=\"300\" height=\"150\"><\/video><\/figure>\n\n\n\n<figure class=\"wp-block-gallery-1 is-layout-flex wp-block-gallery-is-layout-flex\">\n<ul>\n<li>\n<figure><a href=\"http:\/\/www.lesamphis.org\/blog\/mercredi-28-octobre-2020\/\"><img decoding=\"async\" src=\"http:\/\/www.lesamphis.org\/blog\/wp-content\/uploads\/2020\/06\/Agnes_Loubeyre-4-0-00-00-00-232x300.jpg\" alt=\"\" data-id=\"1083\" data-full-url=\"http:\/\/www.lesamphis.org\/blog\/wp-content\/uploads\/2020\/06\/Agnes_Loubeyre-4-0-00-00-00.jpg\" data-link=\"http:\/\/www.lesamphis.org\/blog\/agnes_loubeyre-4-0-00-00-00-2\/\" \/><\/a><\/figure>\n<\/li>\n<li>\n<figure><a href=\"http:\/\/www.lesamphis.org\/blog\/mercredi-25-novembre-2020\/\"><img decoding=\"async\" src=\"http:\/\/www.lesamphis.org\/blog\/wp-content\/uploads\/2020\/05\/Renee-Paule-Guillot-3-199x300.gif\" alt=\"\" data-id=\"1026\" data-full-url=\"http:\/\/www.lesamphis.org\/blog\/wp-content\/uploads\/2020\/05\/Renee-Paule-Guillot-3.gif\" data-link=\"http:\/\/www.lesamphis.org\/blog\/annonce-du-programme-saison-2020-2021\/renee-paule-guillot-3\/\" \/><\/a><\/figure>\n<\/li>\n<li>\n<figure><a href=\"http:\/\/www.lesamphis.org\/blog\/mercredi-27-janvier-2021\/\"><img decoding=\"async\" src=\"http:\/\/www.lesamphis.org\/blog\/wp-content\/uploads\/2020\/05\/Inter-Obediences-0-00-00-00-300x300.png\" alt=\"\" data-id=\"998\" data-full-url=\"http:\/\/www.lesamphis.org\/blog\/wp-content\/uploads\/2020\/05\/Inter-Obediences-0-00-00-00.png\" data-link=\"http:\/\/www.lesamphis.org\/blog\/inter-obediences-0-00-00-00\/\" \/><\/a><\/figure>\n<\/li>\n<li>\n<figure><a href=\"http:\/\/www.lesamphis.org\/blog\/mercredi-24-avril-2021\/\"><img decoding=\"async\" src=\"http:\/\/www.lesamphis.org\/blog\/wp-content\/uploads\/2020\/05\/faouzi-skali-pour-GIF-768x666.gif\" alt=\"\" data-id=\"1030\" data-full-url=\"http:\/\/www.lesamphis.org\/blog\/wp-content\/uploads\/2020\/05\/faouzi-skali-pour-GIF.gif\" data-link=\"http:\/\/www.lesamphis.org\/blog\/faouzi-skali-pour-gif\/\" \/><\/a><\/figure>\n<\/li>\n<li>\n<figure><a href=\"http:\/\/www.lesamphis.org\/blog\/mercredi-28-avril-2021\/\"><img decoding=\"async\" src=\"http:\/\/www.lesamphis.org\/blog\/wp-content\/uploads\/2020\/05\/JJ_Gabut_-300x300.png\" alt=\"\" data-id=\"999\" data-full-url=\"http:\/\/www.lesamphis.org\/blog\/wp-content\/uploads\/2020\/05\/JJ_Gabut_.png\" data-link=\"http:\/\/www.lesamphis.org\/blog\/jj_gabut_\/\" \/><\/a><\/figure>\n<\/li>\n<li>\n<figure><a href=\"http:\/\/www.lesamphis.org\/blog\/mercredi-26-mai-2021\/\"><img decoding=\"async\" src=\"http:\/\/www.lesamphis.org\/blog\/wp-content\/uploads\/2020\/05\/Controverse-0-00-00-00-300x300.png\" alt=\"\" data-id=\"996\" data-full-url=\"http:\/\/www.lesamphis.org\/blog\/wp-content\/uploads\/2020\/05\/Controverse-0-00-00-00.png\" data-link=\"http:\/\/www.lesamphis.org\/blog\/controverse-0-00-00-00\/\" \/><\/a><\/figure>\n<\/li>\n<\/ul>\n<\/figure>\n\n\n\n<hr \/>\n\n\n\n\n\n<div class=\"wp-block-media-text alignwide is-stacked-on-mobile\"><figure class=\"wp-block-media-text__media\"><a href=\"http:\/\/www.lesamphis.org\/blog\/mercredi-28-octobre-2020\/\"><img loading=\"lazy\" decoding=\"async\" width=\"724\" height=\"1024\" src=\"http:\/\/www.lesamphis.org\/blog\/wp-content\/uploads\/2020\/06\/image-28-octobre-0-00-00-12-724x1024.png\" alt=\"Cliquer!\" class=\"wp-image-1130\" srcset=\"http:\/\/www.lesamphis.org\/blog\/wp-content\/uploads\/2020\/06\/image-28-octobre-0-00-00-12-724x1024.png 724w, http:\/\/www.lesamphis.org\/blog\/wp-content\/uploads\/2020\/06\/image-28-octobre-0-00-00-12-212x300.png 212w, http:\/\/www.lesamphis.org\/blog\/wp-content\/uploads\/2020\/06\/image-28-octobre-0-00-00-12-768x1087.png 768w, http:\/\/www.lesamphis.org\/blog\/wp-content\/uploads\/2020\/06\/image-28-octobre-0-00-00-12.png 1000w\" sizes=\"(max-width: 724px) 100vw, 724px\" \/><\/a><\/figure><div class=\"wp-block-media-text__content\">\n<p class=\"has-text-align-center\"><p><strong><a href=\"http:\/\/www.lesamphis.org\/blog\/mercredi-28-octobre-2020\/\">Mercredi 28 octobre &#8211; 19H<\/a><\/strong><\/p><\/p>\n\n\n\n<p>&nbsp;<\/p>\n\n\n\n<p class=\"has-text-align-center has-very-dark-gray-color has-very-light-gray-background-color has-text-color has-background has-normal-font-size\"><p><a href=\"http:\/\/www.lesamphis.org\/blog\/mercredi-28-octobre-2020\/\">Vous voulez en savoir plus&#8230;<\/a><\/p><\/p>\n<\/div><\/div>\n\n\n\n<p>&nbsp;<\/p>\n\n\n\n\n\n<hr \/>\n\n\n\n\n\n<div class=\"wp-block-media-text alignwide is-stacked-on-mobile\"><figure class=\"wp-block-media-text__media\"><a href=\"http:\/\/www.lesamphis.org\/blog\/mercredi-25-novembre-2020\/\"><img loading=\"lazy\" decoding=\"async\" width=\"724\" height=\"1024\" src=\"http:\/\/www.lesamphis.org\/blog\/wp-content\/uploads\/2020\/06\/image-25-Novembre-0-00-01-13-724x1024.png\" alt=\"\" class=\"wp-image-1134\" srcset=\"http:\/\/www.lesamphis.org\/blog\/wp-content\/uploads\/2020\/06\/image-25-Novembre-0-00-01-13-724x1024.png 724w, http:\/\/www.lesamphis.org\/blog\/wp-content\/uploads\/2020\/06\/image-25-Novembre-0-00-01-13-212x300.png 212w, http:\/\/www.lesamphis.org\/blog\/wp-content\/uploads\/2020\/06\/image-25-Novembre-0-00-01-13-768x1087.png 768w, http:\/\/www.lesamphis.org\/blog\/wp-content\/uploads\/2020\/06\/image-25-Novembre-0-00-01-13.png 1000w\" sizes=\"(max-width: 724px) 100vw, 724px\" \/><\/a><\/figure><div class=\"wp-block-media-text__content\">\n<p><p><a href=\"http:\/\/www.lesamphis.org\/blog\/mercredi-25-novembre-2020\/\"><strong>Mercredi 25 Novembre &#8211; 19H.<\/strong><\/a><\/p>\n<p><a href=\"http:\/\/www.lesamphis.org\/blog\/mercredi-25-novembre-2020\/\">Vous voulez en savoir plus&#8230;<\/a><\/p><\/p>\n\n\n\n<p class=\"has-text-color has-background has-text-align-center has-normal-font-size has-very-dark-gray-color has-very-light-gray-background-color\"><a href=\"http:\/\/www.lesamphis.org\/blog\/mercredi-25-novembre-2020\/\"><span class=\"has-inline-color has-very-dark-gray-color\">Vous voulez en savoir plus&#8230;<\/span><\/a><\/p>\n<\/div><\/div>\n\n\n\n\n\n<hr \/>\n\n\n\n\n\n<div class=\"wp-block-media-text alignwide is-stacked-on-mobile\" style=\"grid-template-columns:49% auto\"><figure class=\"wp-block-media-text__media\"><a href=\"http:\/\/www.lesamphis.org\/blog\/wp-content\/uploads\/2020\/06\/Inter-Obediences-5-0-00-08-00.png\"><img decoding=\"async\" src=\"http:\/\/www.lesamphis.org\/blog\/wp-content\/uploads\/2020\/06\/Inter-Obediences-5-0-00-08-00-212x300.png\" alt=\"\" class=\"wp-image-1135\"\/><\/a><\/figure><div class=\"wp-block-media-text__content\">\n<p class=\"has-text-align-center\"><p><strong><a href=\"http:\/\/www.lesamphis.org\/blog\/mercredi-27-janvier-2021\/\">Mercredi 27 janvier &#8211; 19H.<\/a><\/strong><\/p><\/p>\n\n\n\n<div class=\"wp-block-group\"><div class=\"wp-block-group__inner-container is-layout-flow wp-block-group-is-layout-flow\">\n<div class=\"wp-block-group\"><div class=\"wp-block-group__inner-container is-layout-flow wp-block-group-is-layout-flow\">\n<p class=\"has-text-align-center has-very-light-gray-background-color has-background has-normal-font-size\"><p><a href=\"http:\/\/www.lesamphis.org\/blog\/mercredi-27-janvier-2021\/\">Vous voulez en savoir plus&#8230;<\/a><\/p><\/p>\n<\/div><\/div>\n<\/div><\/div>\n<\/div><\/div>\n\n\n\n\n\n<hr \/>\n\n\n\n\n\n<div class=\"wp-block-media-text alignwide is-stacked-on-mobile\" style=\"grid-template-columns:48% auto\"><figure class=\"wp-block-media-text__media\"><a href=\"http:\/\/www.lesamphis.org\/blog\/mercredi-24-avril-2021\/\"><img loading=\"lazy\" decoding=\"async\" width=\"500\" height=\"708\" src=\"http:\/\/www.lesamphis.org\/blog\/wp-content\/uploads\/2020\/06\/image-24-Mars-2021-OK-.png\" alt=\"\" class=\"wp-image-1152\" srcset=\"http:\/\/www.lesamphis.org\/blog\/wp-content\/uploads\/2020\/06\/image-24-Mars-2021-OK-.png 500w, http:\/\/www.lesamphis.org\/blog\/wp-content\/uploads\/2020\/06\/image-24-Mars-2021-OK--212x300.png 212w\" sizes=\"(max-width: 500px) 100vw, 500px\" \/><\/a><\/figure><div class=\"wp-block-media-text__content\">\n<p class=\"has-text-align-center has-normal-font-size\"><p><strong><a href=\"http:\/\/www.lesamphis.org\/blog\/mercredi-24-avril-2021\/\">Mercredi 24 Mars &#8211; 19H.<\/a><\/strong><\/p><\/p>\n\n\n\n<p class=\"has-text-align-center has-very-dark-gray-color has-very-light-gray-background-color has-text-color has-background has-normal-font-size\"><p><a href=\"http:\/\/www.lesamphis.org\/blog\/mercredi-24-avril-2021\/\">Vous voulez en savoir plus&#8230;<\/a><\/p><\/p>\n<\/div><\/div>\n\n\n\n\n\n<hr \/>\n\n\n\n\n\n<p>&nbsp;<\/p>\n\n\n\n<div class=\"wp-block-media-text alignwide is-stacked-on-mobile\"><figure class=\"wp-block-media-text__media\"><a href=\"http:\/\/www.lesamphis.org\/blog\/mercredi-28-avril-2021\/\"><img loading=\"lazy\" decoding=\"async\" width=\"500\" height=\"708\" src=\"http:\/\/www.lesamphis.org\/blog\/wp-content\/uploads\/2020\/06\/image-28-Avril-2021-0-00-01-05.png\" alt=\"\" class=\"wp-image-1138\" srcset=\"http:\/\/www.lesamphis.org\/blog\/wp-content\/uploads\/2020\/06\/image-28-Avril-2021-0-00-01-05.png 500w, http:\/\/www.lesamphis.org\/blog\/wp-content\/uploads\/2020\/06\/image-28-Avril-2021-0-00-01-05-212x300.png 212w\" sizes=\"(max-width: 500px) 100vw, 500px\" \/><\/a><\/figure><div class=\"wp-block-media-text__content\">\n<p class=\"has-normal-font-size\"><p><strong><a href=\"http:\/\/www.lesamphis.org\/blog\/mercredi-28-avril-2021\/\">Mercredi 28 Avril 2021 &#8211; 19H.<\/a><\/strong><\/p><\/p>\n\n\n\n<p class=\"has-text-align-center has-very-dark-gray-color has-very-light-gray-background-color has-text-color has-background has-normal-font-size\"><p><a href=\"http:\/\/www.lesamphis.org\/blog\/mercredi-28-avril-2021\/\">Vous voulez en savoir plus&#8230;<\/a><\/p><\/p>\n<\/div><\/div>\n\n\n\n\n\n<hr \/>\n\n\n\n\n\n<div class=\"wp-block-media-text alignwide is-stacked-on-mobile\"><figure class=\"wp-block-media-text__media\"><img alt=\"\" class=\"wp-image-1139\"\/><\/figure><div class=\"wp-block-media-text__content\">\n<p class=\"has-text-align-center has-normal-font-size\"><p>&nbsp;<\/p><\/p>\n\n\n\n<p class=\"has-text-align-center has-very-light-gray-background-color has-background has-normal-font-size\"><\/p>\n<\/div><\/div>\n","protected":false},"excerpt":{"rendered":"<p>INFORMATIONS : En raison de la situation sanitaire, nous ne pourrons pas recevoir de public cette saison. N\u00e9anmoins, nous vous proposerons la saison en vid\u00e9o. Si vous ne venez pas aux Amphis,&nbsp; les Amphis viendront \u00e0 vous! Retrouvez nous en VOD Mercredi 28 octobre &#8211; 19H &nbsp; Vous voulez en savoir plus&#8230; &nbsp; Mercredi 24 &#8230; <span class=\"more\"><a class=\"more-link\" href=\"http:\/\/www.lesamphis.org\/blog\/saison-2020-2021\/\">[Read more&#8230;]<\/a><\/span><\/p>\n","protected":false},"author":4,"featured_media":0,"parent":0,"menu_order":0,"comment_status":"open","ping_status":"closed","template":"","meta":{"_bbp_topic_count":0,"_bbp_reply_count":0,"_bbp_total_topic_count":0,"_bbp_total_reply_count":0,"_bbp_voice_count":0,"_bbp_anonymous_reply_count":0,"_bbp_topic_count_hidden":0,"_bbp_reply_count_hidden":0,"_bbp_forum_subforum_count":0,"footnotes":""},"_links":{"self":[{"href":"http:\/\/www.lesamphis.org\/blog\/wp-json\/wp\/v2\/pages\/1052"}],"collection":[{"href":"http:\/\/www.lesamphis.org\/blog\/wp-json\/wp\/v2\/pages"}],"about":[{"href":"http:\/\/www.lesamphis.org\/blog\/wp-json\/wp\/v2\/types\/page"}],"author":[{"embeddable":true,"href":"http:\/\/www.lesamphis.org\/blog\/wp-json\/wp\/v2\/users\/4"}],"replies":[{"embeddable":true,"href":"http:\/\/www.lesamphis.org\/blog\/wp-json\/wp\/v2\/comments?post=1052"}],"version-history":[{"count":22,"href":"http:\/\/www.lesamphis.org\/blog\/wp-json\/wp\/v2\/pages\/1052\/revisions"}],"predecessor-version":[{"id":1516,"href":"http:\/\/www.lesamphis.org\/blog\/wp-json\/wp\/v2\/pages\/1052\/revisions\/1516"}],"wp:attachment":[{"href":"http:\/\/www.lesamphis.org\/blog\/wp-json\/wp\/v2\/media?parent=1052"}],"curies":[{"name":"wp","href":"https:\/\/api.w.org\/{rel}","templated":true}]}}