{"id":18,"date":"2016-09-12T16:10:45","date_gmt":"2016-09-12T15:10:45","guid":{"rendered":"http:\/\/www.lesamphis.org\/blog\/?page_id=18"},"modified":"2022-10-12T15:41:06","modified_gmt":"2022-10-12T14:41:06","slug":"tarifs","status":"publish","type":"page","link":"http:\/\/www.lesamphis.org\/blog\/tarifs\/","title":{"rendered":"Tarif &#038; Abonnement"},"content":{"rendered":"\n<div class=\"wp-block-file\"><a href=\"http:\/\/www.lesamphis.org\/blog\/wp-content\/uploads\/2022\/10\/Abonnement_AmphisVDR_2022-2023.pdf\">Abonnement_AmphisVDR_2022-2023<\/a><a href=\"http:\/\/www.lesamphis.org\/blog\/wp-content\/uploads\/2022\/10\/Abonnement_AmphisVDR_2022-2023.pdf\" class=\"wp-block-file__button\" download>T\u00e9l\u00e9charger<\/a><\/div>\n\n\n<h3>Participations aux frais :<\/h3>\n<ul>\n<li>Entr\u00e9e seule <strong>10 \u20ac<\/strong> avec Pot d\u2019accueil<\/li>\n<li>Entr\u00e9e + Pot d\u2019accueil + Repas&nbsp; r\u00e9serv\u00e9 \u00e0 l&rsquo;avance&nbsp; : <strong>20 \u20ac<\/strong><\/li>\n<li>Sans r\u00e9servation : <strong> 25\u20ac<\/strong><\/li>\n<li>Abonnement <strong>100<strong> \u20ac<br><\/strong><\/strong>toutes les Conf\u00e9rences 2022-2023<br>Entr\u00e9e + Pot d\u2019accueil + Buffet&nbsp; <em style=\"line-height: 1.5em;\">Limit\u00e9 \u00e0 70 unit\u00e9s Voir FLYER <\/em><br><em style=\"line-height: 1.5em;\"><br><\/em><\/li>\n<\/ul>\n<p style=\"text-align: center;\"><strong>Adressez votre r\u00e8glement \u00e0&nbsp;<\/strong><\/p>\n<p style=\"text-align: center;\">AMPHIS GLNF<br>140 av. de l\u2019Industrie<br>69140 Rillieux la Pape<\/p>\n<p style=\"text-align: center;\"><em>(n&rsquo;omettez pas de pr\u00e9cisez l&rsquo;\u00e9v\u00e9nement auquel vous voulez participer)<\/em><\/p>\n<p><\/p>\n\n\n<figure class=\"wp-block-image size-large\"><img loading=\"lazy\" decoding=\"async\" width=\"724\" height=\"1024\" src=\"http:\/\/www.lesamphis.org\/blog\/wp-content\/uploads\/2022\/10\/Affiche_Saison-2023_OK-2-724x1024.jpg\" alt=\"\" class=\"wp-image-1705\" srcset=\"http:\/\/www.lesamphis.org\/blog\/wp-content\/uploads\/2022\/10\/Affiche_Saison-2023_OK-2-724x1024.jpg 724w, http:\/\/www.lesamphis.org\/blog\/wp-content\/uploads\/2022\/10\/Affiche_Saison-2023_OK-2-212x300.jpg 212w, http:\/\/www.lesamphis.org\/blog\/wp-content\/uploads\/2022\/10\/Affiche_Saison-2023_OK-2-768x1086.jpg 768w, http:\/\/www.lesamphis.org\/blog\/wp-content\/uploads\/2022\/10\/Affiche_Saison-2023_OK-2-1086x1536.jpg 1086w, http:\/\/www.lesamphis.org\/blog\/wp-content\/uploads\/2022\/10\/Affiche_Saison-2023_OK-2-1448x2048.jpg 1448w, http:\/\/www.lesamphis.org\/blog\/wp-content\/uploads\/2022\/10\/Affiche_Saison-2023_OK-2-scaled.jpg 1810w\" sizes=\"(max-width: 724px) 100vw, 724px\" \/><\/figure>\n\n\n\n<figure class=\"wp-block-image size-large\"><img loading=\"lazy\" decoding=\"async\" width=\"724\" height=\"1024\" src=\"http:\/\/www.lesamphis.org\/blog\/wp-content\/uploads\/2022\/10\/abonnement_amphisvdr_2022-2023-1-724x1024.jpg\" alt=\"\" class=\"wp-image-1719\" srcset=\"http:\/\/www.lesamphis.org\/blog\/wp-content\/uploads\/2022\/10\/abonnement_amphisvdr_2022-2023-1-724x1024.jpg 724w, http:\/\/www.lesamphis.org\/blog\/wp-content\/uploads\/2022\/10\/abonnement_amphisvdr_2022-2023-1-212x300.jpg 212w, http:\/\/www.lesamphis.org\/blog\/wp-content\/uploads\/2022\/10\/abonnement_amphisvdr_2022-2023-1-768x1086.jpg 768w, http:\/\/www.lesamphis.org\/blog\/wp-content\/uploads\/2022\/10\/abonnement_amphisvdr_2022-2023-1-1086x1536.jpg 1086w, http:\/\/www.lesamphis.org\/blog\/wp-content\/uploads\/2022\/10\/abonnement_amphisvdr_2022-2023-1.jpg 1358w\" sizes=\"(max-width: 724px) 100vw, 724px\" \/><\/figure>\n\n\n\n<p><\/p>\n","protected":false},"excerpt":{"rendered":"<p>Participations aux frais : Entr\u00e9e seule 10 \u20ac avec Pot d\u2019accueil Entr\u00e9e + Pot d\u2019accueil + Repas&nbsp; r\u00e9serv\u00e9 \u00e0 l&rsquo;avance&nbsp; : 20 \u20ac Sans r\u00e9servation : 25\u20ac Abonnement 100 \u20actoutes les Conf\u00e9rences 2022-2023Entr\u00e9e + Pot d\u2019accueil + Buffet&nbsp; Limit\u00e9 \u00e0 70 unit\u00e9s Voir FLYER Adressez votre r\u00e8glement \u00e0&nbsp; AMPHIS GLNF140 av. de l\u2019Industrie69140 Rillieux la &#8230; <span class=\"more\"><a class=\"more-link\" href=\"http:\/\/www.lesamphis.org\/blog\/tarifs\/\">[Read more&#8230;]<\/a><\/span><\/p>\n","protected":false},"author":1,"featured_media":0,"parent":0,"menu_order":1,"comment_status":"open","ping_status":"closed","template":"","meta":{"_bbp_topic_count":0,"_bbp_reply_count":0,"_bbp_total_topic_count":0,"_bbp_total_reply_count":0,"_bbp_voice_count":0,"_bbp_anonymous_reply_count":0,"_bbp_topic_count_hidden":0,"_bbp_reply_count_hidden":0,"_bbp_forum_subforum_count":0,"footnotes":""},"_links":{"self":[{"href":"http:\/\/www.lesamphis.org\/blog\/wp-json\/wp\/v2\/pages\/18"}],"collection":[{"href":"http:\/\/www.lesamphis.org\/blog\/wp-json\/wp\/v2\/pages"}],"about":[{"href":"http:\/\/www.lesamphis.org\/blog\/wp-json\/wp\/v2\/types\/page"}],"author":[{"embeddable":true,"href":"http:\/\/www.lesamphis.org\/blog\/wp-json\/wp\/v2\/users\/1"}],"replies":[{"embeddable":true,"href":"http:\/\/www.lesamphis.org\/blog\/wp-json\/wp\/v2\/comments?post=18"}],"version-history":[{"count":23,"href":"http:\/\/www.lesamphis.org\/blog\/wp-json\/wp\/v2\/pages\/18\/revisions"}],"predecessor-version":[{"id":1720,"href":"http:\/\/www.lesamphis.org\/blog\/wp-json\/wp\/v2\/pages\/18\/revisions\/1720"}],"wp:attachment":[{"href":"http:\/\/www.lesamphis.org\/blog\/wp-json\/wp\/v2\/media?parent=18"}],"curies":[{"name":"wp","href":"https:\/\/api.w.org\/{rel}","templated":true}]}}